{"id":1019,"date":"2025-09-26T18:42:32","date_gmt":"2025-09-26T18:42:32","guid":{"rendered":"https:\/\/anchic.es\/?page_id=1019"},"modified":"2025-11-20T09:12:13","modified_gmt":"2025-11-20T09:12:13","slug":"gestion-de-pisos-turisticos","status":"publish","type":"page","link":"https:\/\/anchic.es\/en\/gestion-de-pisos-turisticos\/","title":{"rendered":"Gestion de Pisos Tur\u00edsticos"},"content":{"rendered":"<div data-elementor-type=\"wp-post\" data-elementor-id=\"1019\" class=\"elementor elementor-1019\" data-elementor-post-type=\"page\">\n\t\t\t\t<div class=\"elementor-element elementor-element-632cc97 e-flex e-con-boxed e-con e-parent\" data-id=\"632cc97\" data-element_type=\"container\" data-settings=\"{&quot;background_background&quot;:&quot;classic&quot;}\">\n\t\t\t\t\t<div class=\"e-con-inner\">\n\t\t<div class=\"elementor-element elementor-element-bbcd2a3 e-con-full e-flex e-con e-child\" data-id=\"bbcd2a3\" data-element_type=\"container\">\n\t\t\t\t<div class=\"elementor-element elementor-element-9fee128 elementor-widget elementor-widget-heading\" data-id=\"9fee128\" data-element_type=\"widget\" data-widget_type=\"heading.default\">\n\t\t\t\t<div class=\"elementor-widget-container\">\n\t\t\t\t\t<h1 class=\"elementor-heading-title elementor-size-default\">Tourist Apartment Management\n<\/h1>\t\t\t\t<\/div>\n\t\t\t\t<\/div>\n\t\t\t\t<\/div>\n\t\t\t\t\t<\/div>\n\t\t\t\t<\/div>\n\t\t<div class=\"elementor-element elementor-element-b3ff4ae e-flex e-con-boxed e-con e-parent\" data-id=\"b3ff4ae\" data-element_type=\"container\" data-settings=\"{&quot;background_background&quot;:&quot;classic&quot;}\">\n\t\t\t\t\t<div class=\"e-con-inner\">\n\t\t<div class=\"elementor-element elementor-element-1af5f2b e-con-full e-flex e-con e-child\" data-id=\"1af5f2b\" data-element_type=\"container\">\n\t\t\t\t<div class=\"elementor-element elementor-element-a123896 elementor-widget elementor-widget-heading\" data-id=\"a123896\" data-element_type=\"widget\" data-widget_type=\"heading.default\">\n\t\t\t\t<div class=\"elementor-widget-container\">\n\t\t\t\t\t<h2 class=\"elementor-heading-title elementor-size-default\">Our commitment to you<\/h2>\t\t\t\t<\/div>\n\t\t\t\t<\/div>\n\t\t\t\t<div class=\"elementor-element elementor-element-b647b31 elementor-widget-divider--view-line elementor-widget elementor-widget-divider\" data-id=\"b647b31\" data-element_type=\"widget\" data-widget_type=\"divider.default\">\n\t\t\t\t<div class=\"elementor-widget-container\">\n\t\t\t\t\t\t\t<div class=\"elementor-divider\">\n\t\t\t<span class=\"elementor-divider-separator\">\n\t\t\t\t\t\t<\/span>\n\t\t<\/div>\n\t\t\t\t\t\t<\/div>\n\t\t\t\t<\/div>\n\t\t\t\t<div class=\"elementor-element elementor-element-0f46174 elementor-widget elementor-widget-text-editor\" data-id=\"0f46174\" data-element_type=\"widget\" data-widget_type=\"text-editor.default\">\n\t\t\t\t<div class=\"elementor-widget-container\">\n\t\t\t\t\t\t\t\t\t<p><!--StartFragment --><\/p><p><!--StartFragment --><\/p><p class=\"translation-block\">At AnChic, we believe that every client and every property is unique. That's why we don't work with standard solutions, but instead design management strategies tailored to each need. Our goal is for both owners and guests to enjoy a hassle-free, transparent experience with tangible results.<\/p><p>We handle the entire process: from preparing and maintaining the spaces to communicating with travelers and optimizing bookings on platforms like Airbnb. This means owners can rest assured their investment is in good hands, while guests find well-maintained, comfortable accommodations with personalized service.<\/p><p><!--EndFragment --><\/p><p><!--EndFragment --><\/p>\t\t\t\t\t\t\t\t<\/div>\n\t\t\t\t<\/div>\n\t\t\t\t<\/div>\n\t\t\t\t\t<\/div>\n\t\t\t\t<\/div>\n\t\t<div class=\"elementor-element elementor-element-eb655d5 e-flex e-con-boxed e-con e-parent\" data-id=\"eb655d5\" data-element_type=\"container\" data-settings=\"{&quot;background_background&quot;:&quot;classic&quot;}\">\n\t\t\t\t\t<div class=\"e-con-inner\">\n\t\t<div class=\"elementor-element elementor-element-6b26107 e-con-full e-flex e-con e-child\" data-id=\"6b26107\" data-element_type=\"container\" data-settings=\"{&quot;background_background&quot;:&quot;classic&quot;}\">\n\t\t\t\t<div class=\"elementor-element elementor-element-5732961 elementor-widget elementor-widget-spacer\" data-id=\"5732961\" data-element_type=\"widget\" data-widget_type=\"spacer.default\">\n\t\t\t\t<div class=\"elementor-widget-container\">\n\t\t\t\t\t\t\t<div class=\"elementor-spacer\">\n\t\t\t<div class=\"elementor-spacer-inner\"><\/div>\n\t\t<\/div>\n\t\t\t\t\t\t<\/div>\n\t\t\t\t<\/div>\n\t\t\t\t<\/div>\n\t\t\t\t\t<\/div>\n\t\t\t\t<\/div>\n\t\t<div class=\"elementor-element elementor-element-17c36e6 e-flex e-con-boxed e-con e-parent\" data-id=\"17c36e6\" data-element_type=\"container\" data-settings=\"{&quot;background_background&quot;:&quot;classic&quot;}\">\n\t\t\t\t\t<div class=\"e-con-inner\">\n\t\t<div class=\"elementor-element elementor-element-bebd9d4 e-con-full e-flex e-con e-child\" data-id=\"bebd9d4\" data-element_type=\"container\">\n\t\t\t\t<div class=\"elementor-element elementor-element-af2e880 elementor-widget elementor-widget-heading\" data-id=\"af2e880\" data-element_type=\"widget\" data-widget_type=\"heading.default\">\n\t\t\t\t<div class=\"elementor-widget-container\">\n\t\t\t\t\t<h2 class=\"elementor-heading-title elementor-size-default\">Gestion de Vivendas<\/h2>\t\t\t\t<\/div>\n\t\t\t\t<\/div>\n\t\t\t\t<div class=\"elementor-element elementor-element-c84c0a6 elementor-widget elementor-widget-heading\" data-id=\"c84c0a6\" data-element_type=\"widget\" data-widget_type=\"heading.default\">\n\t\t\t\t<div class=\"elementor-widget-container\">\n\t\t\t\t\t<h6 class=\"elementor-heading-title elementor-size-default\">Publicidad, comercializaci\u00f3n, limpieza, lavander\u00eda, mantenimiento, puesta a punto, check in\/ check out y seguimiento de clientes<\/h6>\t\t\t\t<\/div>\n\t\t\t\t<\/div>\n\t\t\t\t<div class=\"elementor-element elementor-element-df71259 elementor-widget elementor-widget-text-editor\" data-id=\"df71259\" data-element_type=\"widget\" data-widget_type=\"text-editor.default\">\n\t\t\t\t<div class=\"elementor-widget-container\">\n\t\t\t\t\t\t\t\t\t<p><!--StartFragment --><\/p><p>Nos encargamos de todo lo necesario para que tu propiedad est\u00e9 siempre en las mejores condiciones y genere la m\u00e1xima rentabilidad. Desde la <strong>publicidad y comercializaci\u00f3n<\/strong> hasta la <strong>limpieza, lavander\u00eda, mantenimiento y puesta a punto<\/strong>, ofrecemos un servicio integral que garantiza tranquilidad y confianza. Tambi\u00e9n gestionamos el <strong>check-in \/ check-out<\/strong> y el <strong>seguimiento personalizado de clientes<\/strong>, asegurando una experiencia impecable para cada hu\u00e9sped.<\/p><p>Disponemos de soluciones adaptadas a diferentes modalidades de alquiler:<\/p><p><!--EndFragment --><\/p>\t\t\t\t\t\t\t\t<\/div>\n\t\t\t\t<\/div>\n\t\t\t\t<div class=\"elementor-element elementor-element-6743aef elementor-icon-list--layout-traditional elementor-list-item-link-full_width elementor-widget elementor-widget-icon-list\" data-id=\"6743aef\" data-element_type=\"widget\" data-widget_type=\"icon-list.default\">\n\t\t\t\t<div class=\"elementor-widget-container\">\n\t\t\t\t\t\t\t<ul class=\"elementor-icon-list-items\">\n\t\t\t\t\t\t\t<li class=\"elementor-icon-list-item\">\n\t\t\t\t\t\t\t\t\t\t\t<span class=\"elementor-icon-list-icon\">\n\t\t\t\t\t\t\t<i aria-hidden=\"true\" class=\"fas fa-check-circle\"><\/i>\t\t\t\t\t\t<\/span>\n\t\t\t\t\t\t\t\t\t\t<span class=\"elementor-icon-list-text\">Tur\u00edsticas <\/span>\n\t\t\t\t\t\t\t\t\t<\/li>\n\t\t\t\t\t\t\t\t<li class=\"elementor-icon-list-item\">\n\t\t\t\t\t\t\t\t\t\t\t<span class=\"elementor-icon-list-icon\">\n\t\t\t\t\t\t\t<i aria-hidden=\"true\" class=\"fas fa-check-circle\"><\/i>\t\t\t\t\t\t<\/span>\n\t\t\t\t\t\t\t\t\t\t<span class=\"elementor-icon-list-text\">Temporada<\/span>\n\t\t\t\t\t\t\t\t\t<\/li>\n\t\t\t\t\t\t\t\t<li class=\"elementor-icon-list-item\">\n\t\t\t\t\t\t\t\t\t\t\t<span class=\"elementor-icon-list-icon\">\n\t\t\t\t\t\t\t<i aria-hidden=\"true\" class=\"fas fa-check-circle\"><\/i>\t\t\t\t\t\t<\/span>\n\t\t\t\t\t\t\t\t\t\t<span class=\"elementor-icon-list-text\">Larga duraci\u00f3n <\/span>\n\t\t\t\t\t\t\t\t\t<\/li>\n\t\t\t\t\t\t<\/ul>\n\t\t\t\t\t\t<\/div>\n\t\t\t\t<\/div>\n\t\t\t\t<\/div>\n\t\t<div class=\"elementor-element elementor-element-06d944e e-con-full e-flex e-con e-child\" data-id=\"06d944e\" data-element_type=\"container\">\n\t\t\t\t<div class=\"elementor-element elementor-element-46c0653 elementor-widget elementor-widget-image\" data-id=\"46c0653\" data-element_type=\"widget\" data-widget_type=\"image.default\">\n\t\t\t\t<div class=\"elementor-widget-container\">\n\t\t\t\t\t\t\t\t\t\t\t\t\t\t\t<img decoding=\"async\" src=\"https:\/\/anchic.es\/wp-content\/uploads\/elementor\/thumbs\/0cc1171e-8e85-4369-a6dd-ab673955c30a-ref61hkzkymefosjk06zsf6trgyt7m079c5ryu6v0o.avif\" title=\"0cc1171e-8e85-4369-a6dd-ab673955c30a\" alt=\"0cc1171e-8e85-4369-a6dd-ab673955c30a\" loading=\"lazy\" \/>\t\t\t\t\t\t\t\t\t\t\t\t\t\t\t<\/div>\n\t\t\t\t<\/div>\n\t\t\t\t<\/div>\n\t\t\t\t\t<\/div>\n\t\t\t\t<\/div>\n\t\t<div class=\"elementor-element elementor-element-2c4191a e-flex e-con-boxed e-con e-parent\" data-id=\"2c4191a\" data-element_type=\"container\" data-settings=\"{&quot;background_background&quot;:&quot;classic&quot;}\">\n\t\t\t\t\t<div class=\"e-con-inner\">\n\t\t<div class=\"elementor-element elementor-element-78bd7d5 e-con-full e-flex e-con e-child\" data-id=\"78bd7d5\" data-element_type=\"container\">\n\t\t\t\t<div class=\"elementor-element elementor-element-90d1d38 elementor-widget elementor-widget-image\" data-id=\"90d1d38\" data-element_type=\"widget\" data-widget_type=\"image.default\">\n\t\t\t\t<div class=\"elementor-widget-container\">\n\t\t\t\t\t\t\t\t\t\t\t\t\t\t\t<img decoding=\"async\" src=\"https:\/\/anchic.es\/wp-content\/uploads\/elementor\/thumbs\/pexels-photo-13695047-13695047-scaled-rcc5pyk093d98xymlscf9euny47u02z4ky01yuoy2w.jpg\" title=\"gestion de pisos turisticos ajenos Sevilla\" alt=\"gestion de pisos turisticos ajenos Sevilla\" loading=\"lazy\" \/>\t\t\t\t\t\t\t\t\t\t\t\t\t\t\t<\/div>\n\t\t\t\t<\/div>\n\t\t\t\t<\/div>\n\t\t<div class=\"elementor-element elementor-element-55d3d17 e-con-full e-flex e-con e-child\" data-id=\"55d3d17\" data-element_type=\"container\">\n\t\t\t\t<div class=\"elementor-element elementor-element-5f191d3 elementor-widget elementor-widget-heading\" data-id=\"5f191d3\" data-element_type=\"widget\" data-widget_type=\"heading.default\">\n\t\t\t\t<div class=\"elementor-widget-container\">\n\t\t\t\t\t<h2 class=\"elementor-heading-title elementor-size-default\">Gestion Integral<\/h2>\t\t\t\t<\/div>\n\t\t\t\t<\/div>\n\t\t\t\t<div class=\"elementor-element elementor-element-448b014 elementor-widget elementor-widget-heading\" data-id=\"448b014\" data-element_type=\"widget\" data-widget_type=\"heading.default\">\n\t\t\t\t<div class=\"elementor-widget-container\">\n\t\t\t\t\t<h6 class=\"elementor-heading-title elementor-size-default\">Toda aquello que la vivienda requiera, para su adecuaci\u00f3n y posterior explotaci\u00f3n en el alquiler.<\/h6>\t\t\t\t<\/div>\n\t\t\t\t<\/div>\n\t\t\t\t<div class=\"elementor-element elementor-element-8d3d930 elementor-widget elementor-widget-text-editor\" data-id=\"8d3d930\" data-element_type=\"widget\" data-widget_type=\"text-editor.default\">\n\t\t\t\t<div class=\"elementor-widget-container\">\n\t\t\t\t\t\t\t\t\t<p><!--StartFragment --><\/p><p>Nos ocupamos de cada detalle para que tu vivienda est\u00e9 lista y en condiciones \u00f3ptimas para su explotaci\u00f3n en alquiler. Ofrecemos un servicio completo que abarca desde la <strong>localizaci\u00f3n de inmuebles<\/strong> hasta su <strong>reforma y adecuaci\u00f3n<\/strong>, garantizando espacios funcionales y modernos. Adem\u00e1s, incorporamos proyectos de <strong>interiorismo y paisajismo<\/strong> que aportan valor est\u00e9tico y diferencian tu propiedad en el mercado.<\/p><p><!--EndFragment --><\/p>\t\t\t\t\t\t\t\t<\/div>\n\t\t\t\t<\/div>\n\t\t\t\t<\/div>\n\t\t\t\t\t<\/div>\n\t\t\t\t<\/div>\n\t\t<div class=\"elementor-element elementor-element-8f626d6 e-flex e-con-boxed e-con e-parent\" data-id=\"8f626d6\" data-element_type=\"container\" data-settings=\"{&quot;background_background&quot;:&quot;classic&quot;}\">\n\t\t\t\t\t<div class=\"e-con-inner\">\n\t\t<div class=\"elementor-element elementor-element-b90c849 e-con-full e-flex e-con e-child\" data-id=\"b90c849\" data-element_type=\"container\">\n\t\t\t\t<div class=\"elementor-element elementor-element-400ebae elementor-widget elementor-widget-heading\" data-id=\"400ebae\" data-element_type=\"widget\" data-widget_type=\"heading.default\">\n\t\t\t\t<div class=\"elementor-widget-container\">\n\t\t\t\t\t<h2 class=\"elementor-heading-title elementor-size-default\">Interiorismo y Paisajismo<\/h2>\t\t\t\t<\/div>\n\t\t\t\t<\/div>\n\t\t\t\t<div class=\"elementor-element elementor-element-f76e202 elementor-widget elementor-widget-text-editor\" data-id=\"f76e202\" data-element_type=\"widget\" data-widget_type=\"text-editor.default\">\n\t\t\t\t<div class=\"elementor-widget-container\">\n\t\t\t\t\t\t\t\t\t<p><!--StartFragment --><\/p><p>Dise\u00f1amos espacios \u00fanicos, funcionales y llenos de personalidad. Nuestros proyectos de <strong>interiorismo<\/strong> combinan estilo, comodidad y practicidad, mientras que el <strong>paisajismo<\/strong> aporta frescura y armon\u00eda en jardines, terrazas y exteriores. Desde la elecci\u00f3n de materiales y colores hasta la distribuci\u00f3n de espacios, cuidamos cada detalle para que tu propiedad destaque y se convierta en un lugar memorable.<\/p><p><!--EndFragment --><\/p><p><!--EndFragment --><\/p>\t\t\t\t\t\t\t\t<\/div>\n\t\t\t\t<\/div>\n\t\t\t\t<\/div>\n\t\t<div class=\"elementor-element elementor-element-8044421 e-con-full e-flex e-con e-child\" data-id=\"8044421\" data-element_type=\"container\">\n\t\t\t\t<div class=\"elementor-element elementor-element-2b7fefa elementor-widget elementor-widget-image\" data-id=\"2b7fefa\" data-element_type=\"widget\" data-widget_type=\"image.default\">\n\t\t\t\t<div class=\"elementor-widget-container\">\n\t\t\t\t\t\t\t\t\t\t\t\t\t\t\t<img decoding=\"async\" src=\"https:\/\/anchic.es\/wp-content\/uploads\/elementor\/thumbs\/bellingrath-gardens-alabama-landscape-scenic-158028-158028-repqo5yztijyvyw0jk9t13kb387p5loo7alfan3dzc.jpg\" title=\"bellingrath-gardens-alabama-landscape-scenic-158028-158028\" alt=\"A scenic outdoor garden with vibrant floral displays, perfect for backgrounds or wallpapers.\" loading=\"lazy\" \/>\t\t\t\t\t\t\t\t\t\t\t\t\t\t\t<\/div>\n\t\t\t\t<\/div>\n\t\t\t\t<\/div>\n\t\t\t\t\t<\/div>\n\t\t\t\t<\/div>\n\t\t<div class=\"elementor-element elementor-element-2b6f908 e-flex e-con-boxed e-con e-parent\" data-id=\"2b6f908\" data-element_type=\"container\" data-settings=\"{&quot;background_background&quot;:&quot;classic&quot;}\">\n\t\t\t\t\t<div class=\"e-con-inner\">\n\t\t<div class=\"elementor-element elementor-element-b52c205 e-con-full e-flex e-con e-child\" data-id=\"b52c205\" data-element_type=\"container\" data-settings=\"{&quot;background_background&quot;:&quot;classic&quot;}\">\n\t\t\t\t<div class=\"elementor-element elementor-element-40caedb elementor-widget elementor-widget-heading\" data-id=\"40caedb\" data-element_type=\"widget\" data-widget_type=\"heading.default\">\n\t\t\t\t<div class=\"elementor-widget-container\">\n\t\t\t\t\t<h2 class=\"elementor-heading-title elementor-size-default\">Ready for your next getaway?\n\n<\/h2>\t\t\t\t<\/div>\n\t\t\t\t<\/div>\n\t\t\t\t<div class=\"elementor-element elementor-element-03924be elementor-widget elementor-widget-text-editor\" data-id=\"03924be\" data-element_type=\"widget\" data-widget_type=\"text-editor.default\">\n\t\t\t\t<div class=\"elementor-widget-container\">\n\t\t\t\t\t\t\t\t\t<p>Choose your ideal apartment and confirm your stay on Airbnb in just a few clicks.<\/p><p><!--EndFragment --><\/p>\t\t\t\t\t\t\t\t<\/div>\n\t\t\t\t<\/div>\n\t\t\t\t<div class=\"elementor-element elementor-element-edccdf5 elementor-align-center elementor-widget elementor-widget-button\" data-id=\"edccdf5\" data-element_type=\"widget\" data-widget_type=\"button.default\">\n\t\t\t\t<div class=\"elementor-widget-container\">\n\t\t\t\t\t\t\t\t\t<div class=\"elementor-button-wrapper\">\n\t\t\t\t\t<a class=\"elementor-button elementor-button-link elementor-size-sm\" href=\"https:\/\/www.airbnb.es\/users\/profile\/1468722033397373064?previous_page_name=PdpHomeMarketplace\" target=\"_blank\" rel=\"noopener\">\n\t\t\t\t\t\t<span class=\"elementor-button-content-wrapper\">\n\t\t\t\t\t\t<span class=\"elementor-button-icon\">\n\t\t\t\t<i aria-hidden=\"true\" class=\"fab fa-airbnb\"><\/i>\t\t\t<\/span>\n\t\t\t\t\t\t\t\t\t<span class=\"elementor-button-text\">Book now<\/span>\n\t\t\t\t\t<\/span>\n\t\t\t\t\t<\/a>\n\t\t\t\t<\/div>\n\t\t\t\t\t\t\t\t<\/div>\n\t\t\t\t<\/div>\n\t\t\t\t<\/div>\n\t\t\t\t\t<\/div>\n\t\t\t\t<\/div>\n\t\t\t\t<\/div>","protected":false},"excerpt":{"rendered":"<p>Gestion de Apartamentos tur\u00edsticos Nuestro compromiso contigo En AnChic creemos que cada cliente y cada propiedad son \u00fanicos. Por eso no trabajamos con soluciones est\u00e1ndar, sino que dise\u00f1amos estrategias de gesti\u00f3n adaptadas a cada necesidad. Nuestro objetivo es que tanto los propietarios como los hu\u00e9spedes disfruten de una experiencia sin complicaciones, transparente y con resultados [&hellip;]<\/p>","protected":false},"author":2,"featured_media":0,"parent":0,"menu_order":0,"comment_status":"closed","ping_status":"closed","template":"","meta":{"_acf_changed":false,"site-sidebar-layout":"no-sidebar","site-content-layout":"page-builder","ast-site-content-layout":"full-width-container","site-content-style":"unboxed","site-sidebar-style":"unboxed","ast-global-header-display":"","ast-banner-title-visibility":"","ast-main-header-display":"","ast-hfb-above-header-display":"","ast-hfb-below-header-display":"","ast-hfb-mobile-header-display":"","site-post-title":"disabled","ast-breadcrumbs-content":"disabled","ast-featured-img":"disabled","footer-sml-layout":"","ast-disable-related-posts":"","theme-transparent-header-meta":"disabled","adv-header-id-meta":"","stick-header-meta":"","header-above-stick-meta":"","header-main-stick-meta":"","header-below-stick-meta":"","astra-migrate-meta-layouts":"set","ast-page-background-enabled":"default","ast-page-background-meta":{"desktop":{"background-color":"","background-image":"","background-repeat":"repeat","background-position":"center center","background-size":"auto","background-attachment":"scroll","background-type":"","background-media":"","overlay-type":"","overlay-color":"","overlay-opacity":"","overlay-gradient":""},"tablet":{"background-color":"","background-image":"","background-repeat":"repeat","background-position":"center center","background-size":"auto","background-attachment":"scroll","background-type":"","background-media":"","overlay-type":"","overlay-color":"","overlay-opacity":"","overlay-gradient":""},"mobile":{"background-color":"","background-image":"","background-repeat":"repeat","background-position":"center center","background-size":"auto","background-attachment":"scroll","background-type":"","background-media":"","overlay-type":"","overlay-color":"","overlay-opacity":"","overlay-gradient":""}},"ast-content-background-meta":{"desktop":{"background-color":"var(--ast-global-color-5)","background-image":"","background-repeat":"repeat","background-position":"center center","background-size":"auto","background-attachment":"scroll","background-type":"","background-media":"","overlay-type":"","overlay-color":"","overlay-opacity":"","overlay-gradient":""},"tablet":{"background-color":"var(--ast-global-color-5)","background-image":"","background-repeat":"repeat","background-position":"center center","background-size":"auto","background-attachment":"scroll","background-type":"","background-media":"","overlay-type":"","overlay-color":"","overlay-opacity":"","overlay-gradient":""},"mobile":{"background-color":"var(--ast-global-color-5)","background-image":"","background-repeat":"repeat","background-position":"center center","background-size":"auto","background-attachment":"scroll","background-type":"","background-media":"","overlay-type":"","overlay-color":"","overlay-opacity":"","overlay-gradient":""}},"footnotes":""},"class_list":["post-1019","page","type-page","status-publish","hentry"],"acf":[],"_links":{"self":[{"href":"https:\/\/anchic.es\/en\/wp-json\/wp\/v2\/pages\/1019","targetHints":{"allow":["GET"]}}],"collection":[{"href":"https:\/\/anchic.es\/en\/wp-json\/wp\/v2\/pages"}],"about":[{"href":"https:\/\/anchic.es\/en\/wp-json\/wp\/v2\/types\/page"}],"author":[{"embeddable":true,"href":"https:\/\/anchic.es\/en\/wp-json\/wp\/v2\/users\/2"}],"replies":[{"embeddable":true,"href":"https:\/\/anchic.es\/en\/wp-json\/wp\/v2\/comments?post=1019"}],"version-history":[{"count":33,"href":"https:\/\/anchic.es\/en\/wp-json\/wp\/v2\/pages\/1019\/revisions"}],"predecessor-version":[{"id":1629,"href":"https:\/\/anchic.es\/en\/wp-json\/wp\/v2\/pages\/1019\/revisions\/1629"}],"wp:attachment":[{"href":"https:\/\/anchic.es\/en\/wp-json\/wp\/v2\/media?parent=1019"}],"curies":[{"name":"wp","href":"https:\/\/api.w.org\/{rel}","templated":true}]}}