{"id":1166,"date":"2025-09-26T20:40:05","date_gmt":"2025-09-26T20:40:05","guid":{"rendered":"https:\/\/anchic.es\/?page_id=1166"},"modified":"2025-10-22T11:55:20","modified_gmt":"2025-10-22T11:55:20","slug":"declaracion-accesibilidad","status":"publish","type":"page","link":"https:\/\/anchic.es\/en\/declaracion-accesibilidad\/","title":{"rendered":"Accessibility Statement"},"content":{"rendered":"<div data-elementor-type=\"wp-page\" data-elementor-id=\"1166\" class=\"elementor elementor-1166\" data-elementor-post-type=\"page\">\n\t\t\t\t<div class=\"elementor-element elementor-element-6c840186 e-flex e-con-boxed e-con e-parent\" data-id=\"6c840186\" data-element_type=\"container\">\n\t\t\t\t\t<div class=\"e-con-inner\">\n\t\t\t\t<div class=\"elementor-element elementor-element-1243a002 elementor-widget elementor-widget-text-editor\" data-id=\"1243a002\" data-element_type=\"widget\" data-widget_type=\"text-editor.default\">\n\t\t\t\t<div class=\"elementor-widget-container\">\n\t\t\t\t\t\t\t\t\t<p class=\"translation-block\">The Aurealiano Mu\u00f1oz de Bustillo Gonz\u00e1lez entity has committed to making its website accessible in accordance with <strong><a href=\"http:\/\/www.boe.es\/diario_boe\/txt.php?id=BOE-A-2018-12699\" target=\"_blank\" rel=\"noopener\">Royal Decree 1112\/2018, of September 7, on the accessibility of websites and mobile applications of the public sector.<\/a><\/strong><\/p><p class=\"translation-block\">This accessibility statement applies to the website <span style=\"color: #46237a\"><b><a href=\"https:\/\/anchic.es\/en\/\" target=\"_self\">anchic.es<\/a><\/b><\/span>, excluding embedded content from other domains.<\/p><h4><strong>Compliance status<\/strong><\/h4><p class=\"translation-block\">This website is <strong>partially compliant<\/strong> with Royal Decree 1112\/2018 due to the exceptions and non-compliance of the aspects indicated below.<\/p><h4><strong>Content not accessible<\/strong><\/h4><p>The content below is not accessible for the following reason:<\/p><ol><li>There may be some alternative texts that are not correct \u2013 Requirement number 9.1.1.1 Non-textual content of UNE-EN 301549:2022<\/li><li>There may be some links whose function or purpose is not correctly defined \u2013 Requirement number 9.2.4.4 Purpose of links of UNE-EN 301549:2022<\/li><li>There may be occasional editing errors on some web pages.<\/li><li>Disproportionate burden: Not applicable.<\/li><li>The content does not fall within the scope of the applicable legislation.<\/li><li>There may be office files in PDF or other formats published before September 20, 2018 that do not fully meet all accessibility requirements.<\/li><li>There may be third-party content that is not developed in this Unit, nor under its control, such as office files from different entities that need to be published on this site.<\/li><\/ol><p><strong>\u00a0<\/strong><\/p><h4><strong>Preparation of this accessibility statement<\/strong><\/h4><p>This statement was prepared on 21\/10\/2025.<\/p><p>The method used to prepare the declaration was a self-assessment carried out by the entity itself.<\/p><p>Last review of the statement: 21\/10\/2025.<\/p><h3>\u00a0<\/h3><h4><strong>Notes and contact information<\/strong><\/h4><p>You can submit communications regarding accessibility requirements (article 10.2.a) of RD 1112\/2018) such as:<\/p><ul><li>to report any possible non-compliance by this website<\/li><li>transmit other difficulties in accessing the content<\/li><li>to formulate any other query or suggestion for improvement relating to the accessibility of the website<\/li><\/ul><p class=\"translation-block\">Through the following <strong><a href=\"\/en\/contacto\/\" target=\"_self\">contact form<\/a>.<\/strong><\/p><p>You can present:<\/p><ul><li>a Complaint regarding compliance with the requirements of Royal Decree 1112\/2018 or<\/li><li>una\u00a0Solicitud de Informaci\u00f3n accesible\u00a0relativa a:<ul><li>contenidos\u00a0que est\u00e1n\u00a0excluidos\u00a0del\u00a0\u00e1mbito de aplicaci\u00f3n\u00a0del RD 1112\/2018 seg\u00fan lo establecido por el art\u00edculo 3, apartado 4<\/li><li>contenidos\u00a0que est\u00e1n\u00a0exentos\u00a0del\u00a0cumplimiento\u00a0de los requisitos de accesibilidad por imponer una\u00a0carga desproporcionada.<\/li><\/ul><\/li><\/ul><p>In the Accessible Information Request, the facts, reasons and request that allow verification that it is a reasonable and legitimate request must be specified clearly.<\/p><p><strong>\u00a0<\/strong><\/p><h4><strong>Optional content<\/strong><\/h4><p>This website applies the requirements of Standard UNE-EN 301549:2022 considering the exceptions of RD 1112\/2018.<\/p><p>The last accessibility review was carried out on 21\/10\/2025.<\/p><p>The website is optimized for Microsoft Internet Explorer 8.0 or later and the latest versions of Firefox, Safari, Opera, and Google Chrome. The minimum recommended screen resolution is 1280x1024.<\/p><p>The website is designed for responsive viewing, ensuring optimal display on tablets and mobile devices. On these devices, it is optimized for viewing on the latest versions of Chrome for mobile, Firefox for mobile, Safari mobile, Opera Mini, and the native Android browser.<\/p>\t\t\t\t\t\t\t\t<\/div>\n\t\t\t\t<\/div>\n\t\t\t\t\t<\/div>\n\t\t\t\t<\/div>\n\t\t\t\t<\/div>","protected":false},"excerpt":{"rendered":"<p>La entidad Aurealiano Mu\u00f1oz de Bustillo Gonz\u00e1lez se ha comprometido a hacer accesible su sitio web de conformidad con el Real Decreto 1112\/2018, de 7 de septiembre, sobre accesibilidad de los sitios web y aplicaciones para dispositivos m\u00f3viles del sector p\u00fablico. La presente declaraci\u00f3n de accesibilidad se aplica al sitio web anchic.es, excluyendo los contenidos [&hellip;]<\/p>","protected":false},"author":2,"featured_media":0,"parent":0,"menu_order":0,"comment_status":"closed","ping_status":"closed","template":"","meta":{"_acf_changed":false,"site-sidebar-layout":"default","site-content-layout":"","ast-site-content-layout":"normal-width-container","site-content-style":"default","site-sidebar-style":"default","ast-global-header-display":"","ast-banner-title-visibility":"","ast-main-header-display":"","ast-hfb-above-header-display":"","ast-hfb-below-header-display":"","ast-hfb-mobile-header-display":"","site-post-title":"","ast-breadcrumbs-content":"","ast-featured-img":"","footer-sml-layout":"","ast-disable-related-posts":"","theme-transparent-header-meta":"disabled","adv-header-id-meta":"","stick-header-meta":"","header-above-stick-meta":"","header-main-stick-meta":"","header-below-stick-meta":"","astra-migrate-meta-layouts":"set","ast-page-background-enabled":"default","ast-page-background-meta":{"desktop":{"background-color":"","background-image":"","background-repeat":"repeat","background-position":"center center","background-size":"auto","background-attachment":"scroll","background-type":"","background-media":"","overlay-type":"","overlay-color":"","overlay-opacity":"","overlay-gradient":""},"tablet":{"background-color":"","background-image":"","background-repeat":"repeat","background-position":"center center","background-size":"auto","background-attachment":"scroll","background-type":"","background-media":"","overlay-type":"","overlay-color":"","overlay-opacity":"","overlay-gradient":""},"mobile":{"background-color":"","background-image":"","background-repeat":"repeat","background-position":"center center","background-size":"auto","background-attachment":"scroll","background-type":"","background-media":"","overlay-type":"","overlay-color":"","overlay-opacity":"","overlay-gradient":""}},"ast-content-background-meta":{"desktop":{"background-color":"var(--ast-global-color-5)","background-image":"","background-repeat":"repeat","background-position":"center center","background-size":"auto","background-attachment":"scroll","background-type":"","background-media":"","overlay-type":"","overlay-color":"","overlay-opacity":"","overlay-gradient":""},"tablet":{"background-color":"var(--ast-global-color-5)","background-image":"","background-repeat":"repeat","background-position":"center center","background-size":"auto","background-attachment":"scroll","background-type":"","background-media":"","overlay-type":"","overlay-color":"","overlay-opacity":"","overlay-gradient":""},"mobile":{"background-color":"var(--ast-global-color-5)","background-image":"","background-repeat":"repeat","background-position":"center center","background-size":"auto","background-attachment":"scroll","background-type":"","background-media":"","overlay-type":"","overlay-color":"","overlay-opacity":"","overlay-gradient":""}},"footnotes":""},"class_list":["post-1166","page","type-page","status-publish","hentry"],"acf":[],"_links":{"self":[{"href":"https:\/\/anchic.es\/en\/wp-json\/wp\/v2\/pages\/1166","targetHints":{"allow":["GET"]}}],"collection":[{"href":"https:\/\/anchic.es\/en\/wp-json\/wp\/v2\/pages"}],"about":[{"href":"https:\/\/anchic.es\/en\/wp-json\/wp\/v2\/types\/page"}],"author":[{"embeddable":true,"href":"https:\/\/anchic.es\/en\/wp-json\/wp\/v2\/users\/2"}],"replies":[{"embeddable":true,"href":"https:\/\/anchic.es\/en\/wp-json\/wp\/v2\/comments?post=1166"}],"version-history":[{"count":10,"href":"https:\/\/anchic.es\/en\/wp-json\/wp\/v2\/pages\/1166\/revisions"}],"predecessor-version":[{"id":1261,"href":"https:\/\/anchic.es\/en\/wp-json\/wp\/v2\/pages\/1166\/revisions\/1261"}],"wp:attachment":[{"href":"https:\/\/anchic.es\/en\/wp-json\/wp\/v2\/media?parent=1166"}],"curies":[{"name":"wp","href":"https:\/\/api.w.org\/{rel}","templated":true}]}}