{"id":3,"date":"2025-09-02T12:01:48","date_gmt":"2025-09-02T12:01:48","guid":{"rendered":"http:\/\/anchic.es\/?page_id=3"},"modified":"2025-09-26T20:29:47","modified_gmt":"2025-09-26T20:29:47","slug":"politica-privacidad","status":"publish","type":"page","link":"https:\/\/anchic.es\/en\/politica-privacidad\/","title":{"rendered":"Privacy Policy"},"content":{"rendered":"<div data-elementor-type=\"wp-page\" data-elementor-id=\"3\" class=\"elementor elementor-3\" data-elementor-post-type=\"page\">\n\t\t\t\t<div class=\"elementor-element elementor-element-6c840186 e-flex e-con-boxed e-con e-parent\" data-id=\"6c840186\" data-element_type=\"container\">\n\t\t\t\t\t<div class=\"e-con-inner\">\n\t\t\t\t<div class=\"elementor-element elementor-element-1243a002 elementor-widget elementor-widget-text-editor\" data-id=\"1243a002\" data-element_type=\"widget\" data-widget_type=\"text-editor.default\">\n\t\t\t\t<div class=\"elementor-widget-container\">\n\t\t\t\t\t\t\t\t\t<p class=\"translation-block\">From <span style=\"color: #46237a\"><b><a href=\"https:\/\/anchic.es\/en\/\" target=\"_self\">anchic.es<\/a><\/b><\/span>\u00a0and through its website, personal data necessary for the management and maintenance of some of our services is collected.<\/p>\n<p class=\"translation-block\">This data will be stored and managed with due confidentiality, applying the IT security measures established in applicable legislation to prevent unauthorized access or use of your data, as well as its manipulation, damage, or loss. You may exercise your rights of access, rectification, or erasure with respect to this data at any time by sending your request to the email address <strong><a href=\"mailto:anchic@anchic.es\" target=\"_blank\" rel=\"noopener\">anchic@anchic.es<\/a><\/strong>. You can also find forms for exercising your rights on the website of the Spanish Data Protection Agency.<\/p>\n<p>By providing the data, the client declares that it is truthful.<\/p>\n<p class=\"translation-block\">In this regard, you can visit our <strong><a href=\"\/en\/aviso-legal\/\" target=\"_self\">Legal Notice<\/a><\/strong> section for more information.<\/p>\t\t\t\t\t\t\t\t<\/div>\n\t\t\t\t<\/div>\n\t\t\t\t\t<\/div>\n\t\t\t\t<\/div>\n\t\t\t\t<\/div>","protected":false},"excerpt":{"rendered":"<p>Desde anchic.es\u00a0y mediante su sitio web, se recogen datos de car\u00e1cter personal necesarios para la gesti\u00f3n y mantenimiento de algunos de nuestros servicios. Estos datos ser\u00e1n guardados y gestionados con su debida confidencialidad, aplicando las medidas de seguridad inform\u00e1tica establecidas en la legislaci\u00f3n aplicable para impedir el acceso o uso indebido de sus datos, su [&hellip;]<\/p>","protected":false},"author":1,"featured_media":0,"parent":0,"menu_order":0,"comment_status":"closed","ping_status":"closed","template":"","meta":{"_acf_changed":false,"site-sidebar-layout":"default","site-content-layout":"","ast-site-content-layout":"normal-width-container","site-content-style":"default","site-sidebar-style":"default","ast-global-header-display":"","ast-banner-title-visibility":"","ast-main-header-display":"","ast-hfb-above-header-display":"","ast-hfb-below-header-display":"","ast-hfb-mobile-header-display":"","site-post-title":"","ast-breadcrumbs-content":"","ast-featured-img":"","footer-sml-layout":"","ast-disable-related-posts":"","theme-transparent-header-meta":"disabled","adv-header-id-meta":"","stick-header-meta":"","header-above-stick-meta":"","header-main-stick-meta":"","header-below-stick-meta":"","astra-migrate-meta-layouts":"set","ast-page-background-enabled":"default","ast-page-background-meta":{"desktop":{"background-color":"","background-image":"","background-repeat":"repeat","background-position":"center center","background-size":"auto","background-attachment":"scroll","background-type":"","background-media":"","overlay-type":"","overlay-color":"","overlay-opacity":"","overlay-gradient":""},"tablet":{"background-color":"","background-image":"","background-repeat":"repeat","background-position":"center center","background-size":"auto","background-attachment":"scroll","background-type":"","background-media":"","overlay-type":"","overlay-color":"","overlay-opacity":"","overlay-gradient":""},"mobile":{"background-color":"","background-image":"","background-repeat":"repeat","background-position":"center center","background-size":"auto","background-attachment":"scroll","background-type":"","background-media":"","overlay-type":"","overlay-color":"","overlay-opacity":"","overlay-gradient":""}},"ast-content-background-meta":{"desktop":{"background-color":"var(--ast-global-color-5)","background-image":"","background-repeat":"repeat","background-position":"center center","background-size":"auto","background-attachment":"scroll","background-type":"","background-media":"","overlay-type":"","overlay-color":"","overlay-opacity":"","overlay-gradient":""},"tablet":{"background-color":"var(--ast-global-color-5)","background-image":"","background-repeat":"repeat","background-position":"center center","background-size":"auto","background-attachment":"scroll","background-type":"","background-media":"","overlay-type":"","overlay-color":"","overlay-opacity":"","overlay-gradient":""},"mobile":{"background-color":"var(--ast-global-color-5)","background-image":"","background-repeat":"repeat","background-position":"center center","background-size":"auto","background-attachment":"scroll","background-type":"","background-media":"","overlay-type":"","overlay-color":"","overlay-opacity":"","overlay-gradient":""}},"footnotes":""},"class_list":["post-3","page","type-page","status-publish","hentry"],"acf":[],"_links":{"self":[{"href":"https:\/\/anchic.es\/en\/wp-json\/wp\/v2\/pages\/3","targetHints":{"allow":["GET"]}}],"collection":[{"href":"https:\/\/anchic.es\/en\/wp-json\/wp\/v2\/pages"}],"about":[{"href":"https:\/\/anchic.es\/en\/wp-json\/wp\/v2\/types\/page"}],"author":[{"embeddable":true,"href":"https:\/\/anchic.es\/en\/wp-json\/wp\/v2\/users\/1"}],"replies":[{"embeddable":true,"href":"https:\/\/anchic.es\/en\/wp-json\/wp\/v2\/comments?post=3"}],"version-history":[{"count":5,"href":"https:\/\/anchic.es\/en\/wp-json\/wp\/v2\/pages\/3\/revisions"}],"predecessor-version":[{"id":1160,"href":"https:\/\/anchic.es\/en\/wp-json\/wp\/v2\/pages\/3\/revisions\/1160"}],"wp:attachment":[{"href":"https:\/\/anchic.es\/en\/wp-json\/wp\/v2\/media?parent=3"}],"curies":[{"name":"wp","href":"https:\/\/api.w.org\/{rel}","templated":true}]}}