{"id":1609,"date":"2025-11-17T20:47:20","date_gmt":"2025-11-17T20:47:20","guid":{"rendered":"https:\/\/anchic.es\/?post_type=product&#038;p=1609"},"modified":"2025-11-17T20:47:20","modified_gmt":"2025-11-17T20:47:20","slug":"gran-piso-de-lujo-triana-con-vistas-al-rio","status":"publish","type":"product","link":"https:\/\/anchic.es\/en\/product\/gran-piso-de-lujo-triana-con-vistas-al-rio\/","title":{"rendered":"Gran piso de lujo. Triana con vistas al rio"},"content":{"rendered":"<div class=\"_tp3sbt\">\n<section>\n<div class=\"_gt7myn\">\n<div class=\"_tp3sbt\">\n<section>\n<div class=\"_gt7myn\">\n<h3 class=\"hpipapi atm_7l_1kw7nm4 atm_c8_1x4eueo atm_cs_1kw7nm4 atm_g3_1kw7nm4 atm_gi_idpfg4 atm_l8_idpfg4 atm_kd_idpfg4_pfnrn2 dir dir-ltr\" tabindex=\"-1\">The space<\/h3>\n<\/div>\n<p><span class=\"l1h825yc atm_kd_adww2_24z95b dir dir-ltr\">Numero de registro Turistico.VFT\/SE\/03591.<\/span><\/section>\n<section><\/section>\n<\/div>\n<div class=\"_tp3sbt\">\n<section>\n<div class=\"_gt7myn\">\n<h3 class=\"hpipapi atm_7l_1kw7nm4 atm_c8_1x4eueo atm_cs_1kw7nm4 atm_g3_1kw7nm4 atm_gi_idpfg4 atm_l8_idpfg4 atm_kd_idpfg4_pfnrn2 dir dir-ltr\" tabindex=\"-1\">Services and common areas<\/h3>\n<\/div>\n<p><span class=\"l1h825yc atm_kd_adww2_24z95b dir dir-ltr\">Estimados huespedes,<br \/>\nA modo de haceros vuestra estancia lo mas c\u00f3moda posible, hemos contactado con una empresa de \u00abtaxis de confianza\u00bb, para que poda\u00eds por adelantado contactar con ella y organizar vuestra recogida en el aeropuerto o estaci\u00f3n de tren, asi como recorridos por la ciudad y demas necesidades que tengais.<br \/>\nLa persona de contacto es Juan Miguel (Taxi) si necesitan este servicio diganoslo y le facilitaremos su numero de telefono, mediante whatsapp les pueden atender en varios idiomas.<\/p>\n<p>Para los \u00abLate check in\u00bb a partir de las 23:00, hay un suplemento de 25\u20ac a pagar en efectivo a su llegada al apartamento.<\/p>\n<p>Para las estancias de larga duracion (mas de 30 dias), la electricidad corre a cargo del huesped, y para ello se pedira a su llegada al una fianza de 200\u20ac.<\/span><\/section>\n<section><\/section>\n<\/div>\n<div class=\"_tp3sbt\">\n<section>\n<div class=\"_gt7myn\">\n<h3 class=\"hpipapi atm_7l_1kw7nm4 atm_c8_1x4eueo atm_cs_1kw7nm4 atm_g3_1kw7nm4 atm_gi_idpfg4 atm_l8_idpfg4 atm_kd_idpfg4_pfnrn2 dir dir-ltr\" tabindex=\"-1\">Other notable aspects<\/h3>\n<\/div>\n<p><span class=\"l1h825yc atm_kd_adww2_24z95b dir dir-ltr\">Recogida en el aeropuerto y traslado al piso 25,62\u20ac (6:00 a.m-21:00)<br \/>\nJuan Miguel (Taxi)<\/p>\n<p>Bajo peticion, el piso dispone de \u00abcuna para bebe\u00bb.<\/span><\/section>\n<section><\/section>\n<\/div>\n<div class=\"_tp3sbt\">\n<section>\n<div class=\"_gt7myn\">\n<h3 class=\"hpipapi atm_7l_1kw7nm4 atm_c8_1x4eueo atm_cs_1kw7nm4 atm_g3_1kw7nm4 atm_gi_idpfg4 atm_l8_idpfg4 atm_kd_idpfg4_pfnrn2 dir dir-ltr\" tabindex=\"-1\">Registration data<\/h3>\n<\/div>\n<p><span class=\"l1h825yc atm_kd_adww2_24z95b dir dir-ltr\">Andaluc\u00eda &#8211; N\u00famero de registro auton\u00f3mico<br \/>\nVUT\/SE\/03591<\/span><\/section>\n<\/div>\n<\/div>\n<\/section>\n<\/div>\n<p>&nbsp;<\/p>\n<p>&nbsp;<\/p>","protected":false},"excerpt":{"rendered":"<p>El piso se encuentra ubicado en pleno centro del famoso y animado barrio de Triana. Cuenta con unas vistas espectaculares al rio Guadalquivir, viendose tambien el puente de Triana y la Catedral con su imponente Giralda. Todo el piso es exterior y muy luminoso, da a un paseo peatonal, con lo que es una zona tranquila y silenciosa.<br \/>\nEl piso consta de 4 habitaciones dobles, dos cuartos de ba\u00f1o ( uno con ducha y otro con ba\u00f1era de hidromasaje) y un salon, comedor y cocina diafano de 70m2 .<\/p>","protected":false},"featured_media":1618,"comment_status":"closed","ping_status":"closed","template":"","meta":{"_acf_changed":false,"site-sidebar-layout":"default","site-content-layout":"","ast-site-content-layout":"default","site-content-style":"default","site-sidebar-style":"default","ast-global-header-display":"","ast-banner-title-visibility":"","ast-main-header-display":"","ast-hfb-above-header-display":"","ast-hfb-below-header-display":"","ast-hfb-mobile-header-display":"","site-post-title":"","ast-breadcrumbs-content":"","ast-featured-img":"","footer-sml-layout":"","ast-disable-related-posts":"","theme-transparent-header-meta":"default","adv-header-id-meta":"","stick-header-meta":"","header-above-stick-meta":"","header-main-stick-meta":"","header-below-stick-meta":"","astra-migrate-meta-layouts":"set","ast-page-background-enabled":"default","ast-page-background-meta":{"desktop":{"background-color":"","background-image":"","background-repeat":"repeat","background-position":"center center","background-size":"auto","background-attachment":"scroll","background-type":"","background-media":"","overlay-type":"","overlay-color":"","overlay-opacity":"","overlay-gradient":""},"tablet":{"background-color":"","background-image":"","background-repeat":"repeat","background-position":"center center","background-size":"auto","background-attachment":"scroll","background-type":"","background-media":"","overlay-type":"","overlay-color":"","overlay-opacity":"","overlay-gradient":""},"mobile":{"background-color":"","background-image":"","background-repeat":"repeat","background-position":"center center","background-size":"auto","background-attachment":"scroll","background-type":"","background-media":"","overlay-type":"","overlay-color":"","overlay-opacity":"","overlay-gradient":""}},"ast-content-background-meta":{"desktop":{"background-color":"var(--ast-global-color-5)","background-image":"","background-repeat":"repeat","background-position":"center center","background-size":"auto","background-attachment":"scroll","background-type":"","background-media":"","overlay-type":"","overlay-color":"","overlay-opacity":"","overlay-gradient":""},"tablet":{"background-color":"var(--ast-global-color-5)","background-image":"","background-repeat":"repeat","background-position":"center center","background-size":"auto","background-attachment":"scroll","background-type":"","background-media":"","overlay-type":"","overlay-color":"","overlay-opacity":"","overlay-gradient":""},"mobile":{"background-color":"var(--ast-global-color-5)","background-image":"","background-repeat":"repeat","background-position":"center center","background-size":"auto","background-attachment":"scroll","background-type":"","background-media":"","overlay-type":"","overlay-color":"","overlay-opacity":"","overlay-gradient":""}}},"product_brand":[],"product_cat":[33],"product_tag":[],"class_list":{"0":"post-1609","1":"product","2":"type-product","3":"status-publish","4":"has-post-thumbnail","6":"product_cat-alquiler-de-larga-duracion","7":"desktop-align-left","8":"tablet-align-left","9":"mobile-align-left","11":"first","12":"instock","13":"shipping-taxable","14":"product-type-external"},"acf":[],"_links":{"self":[{"href":"https:\/\/anchic.es\/en\/wp-json\/wp\/v2\/product\/1609","targetHints":{"allow":["GET"]}}],"collection":[{"href":"https:\/\/anchic.es\/en\/wp-json\/wp\/v2\/product"}],"about":[{"href":"https:\/\/anchic.es\/en\/wp-json\/wp\/v2\/types\/product"}],"replies":[{"embeddable":true,"href":"https:\/\/anchic.es\/en\/wp-json\/wp\/v2\/comments?post=1609"}],"wp:featuredmedia":[{"embeddable":true,"href":"https:\/\/anchic.es\/en\/wp-json\/wp\/v2\/media\/1618"}],"wp:attachment":[{"href":"https:\/\/anchic.es\/en\/wp-json\/wp\/v2\/media?parent=1609"}],"wp:term":[{"taxonomy":"product_brand","embeddable":true,"href":"https:\/\/anchic.es\/en\/wp-json\/wp\/v2\/product_brand?post=1609"},{"taxonomy":"product_cat","embeddable":true,"href":"https:\/\/anchic.es\/en\/wp-json\/wp\/v2\/product_cat?post=1609"},{"taxonomy":"product_tag","embeddable":true,"href":"https:\/\/anchic.es\/en\/wp-json\/wp\/v2\/product_tag?post=1609"}],"curies":[{"name":"wp","href":"https:\/\/api.w.org\/{rel}","templated":true}]}}